{"id":50,"date":"2017-05-04T19:52:48","date_gmt":"2017-05-04T17:52:48","guid":{"rendered":"http:\/\/www.darc-p04.de\/?page_id=50"},"modified":"2021-01-25T17:34:32","modified_gmt":"2021-01-25T15:34:32","slug":"darc-ortsverband-heidenheim-an-der-brenz-p04","status":"publish","type":"page","link":"https:\/\/www.darc-p04.de\/","title":{"rendered":""},"content":{"rendered":"<h2 style=\"text-align: center;\"><strong>Herzlich Willkommen !<br \/>\n<\/strong><\/h2>\n<h2 style=\"text-align: center;\"><strong> Deutscher Amateur Radio Club e.V.<\/strong><\/h2>\n<h2 style=\"text-align: center;\"><strong> Ortsverband <\/strong><strong>Heidenheim P04<\/strong><\/h2>\n<hr \/>\n<p><a href=\"http:\/\/www.darc.de\"><img loading=\"lazy\" decoding=\"async\" class=\"aligncenter wp-image-98\" src=\"https:\/\/www.darc-p04.de\/wp-content\/uploads\/2017\/05\/DARC_Logo.svg_-e1493989534304.png\" alt=\"\" width=\"224\" height=\"142\" \/><\/a><\/p>\n<hr \/>\n<h5 style=\"text-align: center;\">Der Amateurfunkdienst umschreibt heute eine soziale Gruppe von engagierten Personen, die sich mit der Funktechnik in Deutschland befassen. Weltweit z\u00e4hlen rund 2,8 Mio Menschen zu dieser Gemeinschaft. In zunehmendem Ma\u00dfe widmen sich Funkamateure, neben technischen und\u00a0 wissenschaftlichen, auch sozialen, bildungs- und entwicklungspolitischen, der V\u00f6lkerverst\u00e4ndigung dienenden sowie humanit\u00e4ren Aufgaben und Zielen.<\/h5>\n<h6><span style=\"color: #000000;\"><span style=\"color: #ffffff;\">Amateurfunk in Heidenheim, Gro\u00dfkuchen, Mergelstetten, Oggenhausen, Schnaitheim, Herbrechtingen, Bissingen, Bolheim, Eselsburg, Hausen, Gerstetten, Dettingen, Gussenstadt, Heldenfingen, Heuchlingen, Sontbergen, Giengen, Burgberg, Hohenmemmingen, H\u00fcrben, Sachsenhausen, Hermaringen, K\u00f6nigsbronn, Itzelberg, Ochsenberg, Zang, Nattheim, Auernheim, Fleinheim, Niederstotzingen, Oberstotzingen, Stetten, Sontheim, Bergenweiler, Brenz, Steinheim, S\u00f6hnstetten, Dischingen, Ballmertshofen, Demmingen, Dunstelkingen, Eglingen, Frickingen, Trugenhofen<\/span><br \/>\n<\/span><\/h6>\n","protected":false},"excerpt":{"rendered":"<p>Herzlich Willkommen ! Deutscher Amateur Radio Club e.V. Ortsverband Heidenheim P04 Der Amateurfunkdienst umschreibt heute eine soziale Gruppe von engagierten Personen, die sich mit der Funktechnik in Deutschland befassen. Weltweit z\u00e4hlen rund 2,8 Mio Menschen zu dieser Gemeinschaft. In zunehmendem Ma\u00dfe widmen sich Funkamateure, neben technischen und\u00a0 wissenschaftlichen, auch sozialen, bildungs- und entwicklungspolitischen, der V\u00f6lkerverst\u00e4ndigung [&hellip;]<\/p>\n","protected":false},"author":1,"featured_media":0,"parent":0,"menu_order":0,"comment_status":"closed","ping_status":"closed","template":"","meta":{"footnotes":""},"class_list":["post-50","page","type-page","status-publish","hentry"],"_links":{"self":[{"href":"https:\/\/www.darc-p04.de\/index.php?rest_route=\/wp\/v2\/pages\/50","targetHints":{"allow":["GET"]}}],"collection":[{"href":"https:\/\/www.darc-p04.de\/index.php?rest_route=\/wp\/v2\/pages"}],"about":[{"href":"https:\/\/www.darc-p04.de\/index.php?rest_route=\/wp\/v2\/types\/page"}],"author":[{"embeddable":true,"href":"https:\/\/www.darc-p04.de\/index.php?rest_route=\/wp\/v2\/users\/1"}],"replies":[{"embeddable":true,"href":"https:\/\/www.darc-p04.de\/index.php?rest_route=%2Fwp%2Fv2%2Fcomments&post=50"}],"version-history":[{"count":33,"href":"https:\/\/www.darc-p04.de\/index.php?rest_route=\/wp\/v2\/pages\/50\/revisions"}],"predecessor-version":[{"id":1810,"href":"https:\/\/www.darc-p04.de\/index.php?rest_route=\/wp\/v2\/pages\/50\/revisions\/1810"}],"wp:attachment":[{"href":"https:\/\/www.darc-p04.de\/index.php?rest_route=%2Fwp%2Fv2%2Fmedia&parent=50"}],"curies":[{"name":"wp","href":"https:\/\/api.w.org\/{rel}","templated":true}]}}